{"id":16848,"date":"2017-10-30T11:47:00","date_gmt":"2017-10-30T11:47:00","guid":{"rendered":"https:\/\/vitfit.es\/fr\/?page_id=16848"},"modified":"2018-03-22T16:36:20","modified_gmt":"2018-03-22T16:36:20","slug":"quienes-somos","status":"publish","type":"page","link":"https:\/\/vitfit.es\/fr\/quienes-somos\/","title":{"rendered":"\u00bfQUIENES SOMOS?"},"content":{"rendered":"<div class=\"wpb-content-wrapper\"><p>[vc_row css_animation=\u00a0\u00bb\u00a0\u00bb row_type=\u00a0\u00bbrow\u00a0\u00bb use_row_as_full_screen_section=\u00a0\u00bbno\u00a0\u00bb type=\u00a0\u00bbfull_width\u00a0\u00bb angled_section=\u00a0\u00bbno\u00a0\u00bb text_align=\u00a0\u00bbleft\u00a0\u00bb background_image_as_pattern=\u00a0\u00bbwithout_pattern\u00a0\u00bb][vc_column][vc_row_inner row_type=\u00a0\u00bbrow\u00a0\u00bb type=\u00a0\u00bbfull_width\u00a0\u00bb text_align=\u00a0\u00bbleft\u00a0\u00bb css_animation=\u00a0\u00bb\u00a0\u00bb css=\u00a0\u00bb.vc_custom_1509365242764{margin-top: 60px !important;margin-bottom: 60px !important;}\u00a0\u00bb][vc_column_inner width=\u00a0\u00bb1\/2&Prime;][vc_single_image image=\u00a0\u00bb16512&Prime; img_size=\u00a0\u00bb\u00a0\u00bb qode_css_animation=\u00a0\u00bbelement_from_bottom\u00a0\u00bb][\/vc_column_inner][vc_column_inner width=\u00a0\u00bb1\/2&Prime;][vc_column_text]Somos un laboratorio\u00a0 especialista en la investigaci\u00f3n, desarrollo, fabricaci\u00f3n y distribuci\u00f3n de productos de alto valor funcional y eficacia cient\u00edficamente probada que contribuyan a la mejora de la salud y la calidad de vida de las personas.<\/p>\n<p>Somos un laboratorio fabricante, a diferencia de otros.<\/p>\n<p>Por nuestra vocaci\u00f3n de excelencia queremos tener el control en todas materias primas y\u00a0 en controlar la calidad y trazabilidad del producto.<\/p>\n<p>Nuestros ingredientes y activos cumplen las especificaciones de las Farmacopeas Europeas.<\/p>\n<p>Garantia y calidad Farmac\u00e9utica en todos los productos que fabricamos.[\/vc_column_text][vc_separator type=\u00a0\u00bbnormal\u00a0\u00bb thickness=\u00a0\u00bb1&Prime; up=\u00a0\u00bb30&Prime; down=\u00a0\u00bb30&Prime;][vc_column_text]Nous sommes un laboratoire sp\u00e9cialis\u00e9 dans la recherche, le d\u00e9veloppement, la fabrication et la distribution de produits \u00e0 haute valeur fonctionnelle et scientifiquement prouv\u00e9s qui contribuent \u00e0 l&rsquo;am\u00e9lioration de la sant\u00e9 et de la qualit\u00e9 de vie.<\/p>\n<p>Nous sommes un laboratoire de fabrication, contrairement aux autres.<\/p>\n<p>Pour notre vocation d&rsquo;excellence, nous voulons ma\u00eetriser toutes les mati\u00e8res premi\u00e8res et contr\u00f4ler la qualit\u00e9 et la tra\u00e7abilit\u00e9 du produit.<\/p>\n<p>Nos ingr\u00e9dients et principes actifs r\u00e9pondent aux sp\u00e9cifications de la Pharmacop\u00e9e europ\u00e9enne.<\/p>\n<p>Garantie et qualit\u00e9 pharmaceutique dans tous les produits que nous fabriquons.[\/vc_column_text][vc_separator type=\u00a0\u00bbnormal\u00a0\u00bb thickness=\u00a0\u00bb1&Prime; up=\u00a0\u00bb30&Prime; down=\u00a0\u00bb30&Prime;][vc_column_text]We are a laboratory specialized in research, development, manufacture and distribution of products with high functional value and scientifically proven efficacy that contribute to the improvement of people&rsquo;s health and quality of life.<\/p>\n<p>We are a manufacturing laboratory, unlike others.<\/p>\n<p>For our vocation of excellence we want to have control over all raw materials and to control the quality and traceability of the product.<\/p>\n<p>Our ingredients and active ingredients meet the specifications of the European Pharmacopoeia.<\/p>\n<p>Guarantee and Pharmaceutical quality in all the products we manufacture.[\/vc_column_text][\/vc_column_inner][\/vc_row_inner][\/vc_column][\/vc_row]<\/p>\n<\/div>","protected":false},"excerpt":{"rendered":"<p>[vc_row css_animation=\u00a0\u00bb\u00a0\u00bb row_type=\u00a0\u00bbrow\u00a0\u00bb use_row_as_full_screen_section=\u00a0\u00bbno\u00a0\u00bb type=\u00a0\u00bbfull_width\u00a0\u00bb angled_section=\u00a0\u00bbno\u00a0\u00bb text_align=\u00a0\u00bbleft\u00a0\u00bb background_image_as_pattern=\u00a0\u00bbwithout_pattern\u00a0\u00bb][vc_column][vc_row_inner row_type=\u00a0\u00bbrow\u00a0\u00bb type=\u00a0\u00bbfull_width\u00a0\u00bb text_align=\u00a0\u00bbleft\u00a0\u00bb css_animation=\u00a0\u00bb\u00a0\u00bb css=\u00a0\u00bb.vc_custom_1509365242764{margin-top: 60px !important;margin-bottom: 60px !important;}\u00a0\u00bb][vc_column_inner width=\u00a0\u00bb1\/2&Prime;][vc_single_image image=\u00a0\u00bb16512&Prime; img_size=\u00a0\u00bb\u00a0\u00bb qode_css_animation=\u00a0\u00bbelement_from_bottom\u00a0\u00bb][\/vc_column_inner][vc_column_inner width=\u00a0\u00bb1\/2&Prime;][vc_column_text]Somos un laboratorio\u00a0 especialista en la investigaci\u00f3n, desarrollo, fabricaci\u00f3n y distribuci\u00f3n de productos de alto valor funcional y eficacia cient\u00edficamente probada que contribuyan a&#8230;<\/p>\n","protected":false},"author":1,"featured_media":0,"parent":0,"menu_order":0,"comment_status":"closed","ping_status":"closed","template":"","meta":{"footnotes":""},"class_list":["post-16848","page","type-page","status-publish","hentry"],"_links":{"self":[{"href":"https:\/\/vitfit.es\/fr\/wp-json\/wp\/v2\/pages\/16848","targetHints":{"allow":["GET"]}}],"collection":[{"href":"https:\/\/vitfit.es\/fr\/wp-json\/wp\/v2\/pages"}],"about":[{"href":"https:\/\/vitfit.es\/fr\/wp-json\/wp\/v2\/types\/page"}],"author":[{"embeddable":true,"href":"https:\/\/vitfit.es\/fr\/wp-json\/wp\/v2\/users\/1"}],"replies":[{"embeddable":true,"href":"https:\/\/vitfit.es\/fr\/wp-json\/wp\/v2\/comments?post=16848"}],"version-history":[{"count":0,"href":"https:\/\/vitfit.es\/fr\/wp-json\/wp\/v2\/pages\/16848\/revisions"}],"wp:attachment":[{"href":"https:\/\/vitfit.es\/fr\/wp-json\/wp\/v2\/media?parent=16848"}],"curies":[{"name":"wp","href":"https:\/\/api.w.org\/{rel}","templated":true}]}}